{"id":42,"date":"2025-03-22T13:41:06","date_gmt":"2025-03-22T12:41:06","guid":{"rendered":"http:\/\/excalidraw.milicev.si\/?page_id=42"},"modified":"2025-03-22T13:41:06","modified_gmt":"2025-03-22T12:41:06","slug":"novice","status":"publish","type":"page","link":"https:\/\/td-skocjan.si\/?page_id=42","title":{"rendered":"Novice"},"content":{"rendered":"<ul class=\"wp-block-latest-posts__list has-dates has-author wp-block-latest-posts\"><li><div class=\"wp-block-latest-posts__featured-image alignleft\"><img loading=\"lazy\" decoding=\"async\" width=\"150\" height=\"150\" src=\"https:\/\/td-skocjan.si\/wp-content\/uploads\/2026\/02\/image-1-150x150.png\" class=\"attachment-thumbnail size-thumbnail wp-post-image\" alt=\"\" style=\"max-width:113px;max-height:113px;\" \/><\/div><a class=\"wp-block-latest-posts__post-title\" href=\"https:\/\/td-skocjan.si\/?p=92\">29.\u00a0TRADICIONALNI POHOD OB PONORU REKE REKE &#8211; 19.04.2026<\/a><div class=\"wp-block-latest-posts__post-author\">od TD \u0160kocjan<\/div><time datetime=\"2026-02-25T20:10:22+00:00\" class=\"wp-block-latest-posts__post-date\">25. februarja, 2026<\/time><div class=\"wp-block-latest-posts__post-excerpt\">Pohod ob ponoru reke Reke je 11 km dolga ozna\u010dena pot, primerna za vse starosti. \u0160tart je med 8:00 in 12:00, parkiri\u0161\u010de je v Risniku, od koder vozijo brezpla\u010dni avtobusi. <\/div><\/li>\n<li><div class=\"wp-block-latest-posts__featured-image alignleft\"><img loading=\"lazy\" decoding=\"async\" width=\"150\" height=\"150\" src=\"https:\/\/td-skocjan.si\/wp-content\/uploads\/2025\/03\/5.3-e1742646825877-150x150.jpg\" class=\"attachment-thumbnail size-thumbnail wp-post-image\" alt=\"\" style=\"max-width:113px;max-height:113px;\" \/><\/div><a class=\"wp-block-latest-posts__post-title\" href=\"https:\/\/td-skocjan.si\/?p=7\">28.\u00a0TRADICIONALNI POHOD OB PONORU REKE REKE &#8211; 13.04.2025<\/a><div class=\"wp-block-latest-posts__post-author\">od TD \u0160kocjan<\/div><time datetime=\"2025-03-22T12:52:35+00:00\" class=\"wp-block-latest-posts__post-date\">22. marca, 2025<\/time><div class=\"wp-block-latest-posts__post-excerpt\">Pohod ob ponoru reke Reke je 11 km dolga ozna\u010dena pot, primerna za vse starosti. \u0160tart je med 8:00 in 12:00, parkiri\u0161\u010de je v Risniku, od koder vozijo brezpla\u010dni avtobusi.<\/div><\/li>\n<\/ul>","protected":false},"excerpt":{"rendered":"","protected":false},"author":1,"featured_media":0,"parent":0,"menu_order":0,"comment_status":"closed","ping_status":"closed","template":"","meta":{"footnotes":""},"class_list":["post-42","page","type-page","status-publish","hentry"],"_links":{"self":[{"href":"https:\/\/td-skocjan.si\/index.php?rest_route=\/wp\/v2\/pages\/42","targetHints":{"allow":["GET"]}}],"collection":[{"href":"https:\/\/td-skocjan.si\/index.php?rest_route=\/wp\/v2\/pages"}],"about":[{"href":"https:\/\/td-skocjan.si\/index.php?rest_route=\/wp\/v2\/types\/page"}],"author":[{"embeddable":true,"href":"https:\/\/td-skocjan.si\/index.php?rest_route=\/wp\/v2\/users\/1"}],"replies":[{"embeddable":true,"href":"https:\/\/td-skocjan.si\/index.php?rest_route=%2Fwp%2Fv2%2Fcomments&post=42"}],"version-history":[{"count":0,"href":"https:\/\/td-skocjan.si\/index.php?rest_route=\/wp\/v2\/pages\/42\/revisions"}],"wp:attachment":[{"href":"https:\/\/td-skocjan.si\/index.php?rest_route=%2Fwp%2Fv2%2Fmedia&parent=42"}],"curies":[{"name":"wp","href":"https:\/\/api.w.org\/{rel}","templated":true}]}}