{"id":50,"date":"2025-03-22T13:48:52","date_gmt":"2025-03-22T12:48:52","guid":{"rendered":"http:\/\/excalidraw.milicev.si\/?page_id=50"},"modified":"2025-03-31T19:03:13","modified_gmt":"2025-03-31T19:03:13","slug":"o-nas","status":"publish","type":"page","link":"https:\/\/td-skocjan.si\/?page_id=50","title":{"rendered":"O nas"},"content":{"rendered":"\n<p>Turisti\u010dno dru\u0161tvo \u0160kocjan je nastalo na pobudo krajanov vasi <strong>\u0160kocjan, Matavun in Betanja<\/strong> leta 1994. Dru\u0161tvo smo poimenovali po kraju, ki daje ime tudi <strong>jamam<\/strong>, ki se nahajajo na tem podro\u010dju.<\/p>\n\n\n\n<p>Namen dru\u0161tva je bil s <strong>prostovoljnim delom<\/strong> izbolj\u0161ati <strong>zunanjo podobo kraja<\/strong>, kateri upravljalci \u0160kocjanskih jam niso posve\u010dali nobene pozornosti. S tem smo \u017eeleli dose\u010di, da se obiskovalci teh krajev ne bi spominjali <strong>le po jamah<\/strong>. Odziv krajanov na delovne akcije je bil velik.<\/p>\n\n\n\n<p>Porodila pa se je tudi ideja o <strong>kulturni dejavnosti dru\u0161tva<\/strong>. \u0160e istega leta smo organizirali <strong>bo\u017ei\u010dno ma\u0161o v Tomin\u010devi jami<\/strong>. Pozitiven odziv na prvo prireditev nas je spodbudil k nadaljevanju, vendar je postalo jasno, da za to dejavnost potrebujemo <strong>svoje prostore<\/strong>. Te smo pridobili leta <strong>1996<\/strong> z obnovo nekdanje <strong>osnovne \u0161ole v \u0160kocjanu<\/strong>, kjer je danes tudi sede\u017e dru\u0161tva.<\/p>\n\n\n\n<p>Najbolj znani prireditvi, ki ju vsako leto organiziramo, sta <strong>Pohod ob ponoru reke Reke<\/strong> in <strong>\u0160kocjanski festival<\/strong>. Poleg teh prireditev pripravljamo \u0161e \u0161tevilne dogodke za <strong>prebivalce okoli\u0161kih krajev<\/strong>, s \u010dimer \u017eelimo izbolj\u0161ati <strong>kulturni in \u017eivljenjski utrip<\/strong> teh krajev.<\/p>\n\n\n\n<figure class=\"wp-block-image size-large\"><img loading=\"lazy\" decoding=\"async\" width=\"1024\" height=\"683\" src=\"https:\/\/td-skocjan.si\/wp-content\/uploads\/2025\/03\/DSC_8433-1024x683.jpg\" alt=\"\" class=\"wp-image-64\" srcset=\"https:\/\/td-skocjan.si\/wp-content\/uploads\/2025\/03\/DSC_8433-1024x683.jpg 1024w, https:\/\/td-skocjan.si\/wp-content\/uploads\/2025\/03\/DSC_8433-300x200.jpg 300w, https:\/\/td-skocjan.si\/wp-content\/uploads\/2025\/03\/DSC_8433-768x513.jpg 768w, https:\/\/td-skocjan.si\/wp-content\/uploads\/2025\/03\/DSC_8433-1536x1025.jpg 1536w, https:\/\/td-skocjan.si\/wp-content\/uploads\/2025\/03\/DSC_8433-2048x1367.jpg 2048w\" sizes=\"auto, (max-width: 1024px) 100vw, 1024px\" \/><\/figure>\n","protected":false},"excerpt":{"rendered":"<p>Turisti\u010dno dru\u0161tvo \u0160kocjan je nastalo na pobudo krajanov vasi \u0160kocjan, Matavun in Betanja leta 1994. Dru\u0161tvo smo poimenovali po kraju, ki daje ime tudi jamam, ki se nahajajo na tem podro\u010dju. Namen dru\u0161tva je bil s prostovoljnim delom izbolj\u0161ati zunanjo podobo kraja, kateri upravljalci \u0160kocjanskih jam niso posve\u010dali nobene pozornosti. S tem smo \u017eeleli dose\u010di, [&hellip;]<\/p>\n","protected":false},"author":1,"featured_media":0,"parent":0,"menu_order":0,"comment_status":"closed","ping_status":"closed","template":"","meta":{"footnotes":""},"class_list":["post-50","page","type-page","status-publish","hentry"],"_links":{"self":[{"href":"https:\/\/td-skocjan.si\/index.php?rest_route=\/wp\/v2\/pages\/50","targetHints":{"allow":["GET"]}}],"collection":[{"href":"https:\/\/td-skocjan.si\/index.php?rest_route=\/wp\/v2\/pages"}],"about":[{"href":"https:\/\/td-skocjan.si\/index.php?rest_route=\/wp\/v2\/types\/page"}],"author":[{"embeddable":true,"href":"https:\/\/td-skocjan.si\/index.php?rest_route=\/wp\/v2\/users\/1"}],"replies":[{"embeddable":true,"href":"https:\/\/td-skocjan.si\/index.php?rest_route=%2Fwp%2Fv2%2Fcomments&post=50"}],"version-history":[{"count":1,"href":"https:\/\/td-skocjan.si\/index.php?rest_route=\/wp\/v2\/pages\/50\/revisions"}],"predecessor-version":[{"id":77,"href":"https:\/\/td-skocjan.si\/index.php?rest_route=\/wp\/v2\/pages\/50\/revisions\/77"}],"wp:attachment":[{"href":"https:\/\/td-skocjan.si\/index.php?rest_route=%2Fwp%2Fv2%2Fmedia&parent=50"}],"curies":[{"name":"wp","href":"https:\/\/api.w.org\/{rel}","templated":true}]}}