{"id":82,"date":"2025-03-31T19:04:38","date_gmt":"2025-03-31T19:04:38","guid":{"rendered":"https:\/\/td-skocjan.si\/?page_id=82"},"modified":"2025-03-31T19:04:38","modified_gmt":"2025-03-31T19:04:38","slug":"kontakt","status":"publish","type":"page","link":"https:\/\/td-skocjan.si\/?page_id=82","title":{"rendered":"Kontakt"},"content":{"rendered":"\n<p>\u0160kocjan 8<br>6215 Diva\u010da<\/p>\n\n\n\n<p>Tel:\u00a0<strong>041 811 634<\/strong><br>E-naslov:<strong> turisticno.drustvo.skocjan@gmail.com<\/strong><\/p>\n\n\n\n<p>Predsednik:\u00a0David Gomba\u010d\u00a0<\/p>\n\n\n\n<p>Mati\u010dna \u0161tevilka: 5837642<br>Dav\u010dna \u0161tevilka: 72962178<br>TRR:&nbsp;10100-0035567276 &#8211; Banka Koper<\/p>\n","protected":false},"excerpt":{"rendered":"<p>\u0160kocjan 86215 Diva\u010da Tel:\u00a0041 811 634E-naslov: turisticno.drustvo.skocjan@gmail.com Predsednik:\u00a0David Gomba\u010d\u00a0 Mati\u010dna \u0161tevilka: 5837642Dav\u010dna \u0161tevilka: 72962178TRR:&nbsp;10100-0035567276 &#8211; Banka Koper<\/p>\n","protected":false},"author":1,"featured_media":0,"parent":0,"menu_order":0,"comment_status":"closed","ping_status":"closed","template":"","meta":{"footnotes":""},"class_list":["post-82","page","type-page","status-publish","hentry"],"_links":{"self":[{"href":"https:\/\/td-skocjan.si\/index.php?rest_route=\/wp\/v2\/pages\/82","targetHints":{"allow":["GET"]}}],"collection":[{"href":"https:\/\/td-skocjan.si\/index.php?rest_route=\/wp\/v2\/pages"}],"about":[{"href":"https:\/\/td-skocjan.si\/index.php?rest_route=\/wp\/v2\/types\/page"}],"author":[{"embeddable":true,"href":"https:\/\/td-skocjan.si\/index.php?rest_route=\/wp\/v2\/users\/1"}],"replies":[{"embeddable":true,"href":"https:\/\/td-skocjan.si\/index.php?rest_route=%2Fwp%2Fv2%2Fcomments&post=82"}],"version-history":[{"count":1,"href":"https:\/\/td-skocjan.si\/index.php?rest_route=\/wp\/v2\/pages\/82\/revisions"}],"predecessor-version":[{"id":83,"href":"https:\/\/td-skocjan.si\/index.php?rest_route=\/wp\/v2\/pages\/82\/revisions\/83"}],"wp:attachment":[{"href":"https:\/\/td-skocjan.si\/index.php?rest_route=%2Fwp%2Fv2%2Fmedia&parent=82"}],"curies":[{"name":"wp","href":"https:\/\/api.w.org\/{rel}","templated":true}]}}